{"id":103,"date":"2025-07-09T13:28:33","date_gmt":"2025-07-09T11:28:33","guid":{"rendered":"https:\/\/slowplaces.fr\/?page_id=103"},"modified":"2025-08-05T15:23:29","modified_gmt":"2025-08-05T13:23:29","slug":"a-la-carte","status":"publish","type":"page","link":"https:\/\/slowplaces.fr\/en\/a-la-carte\/","title":{"rendered":"The map"},"content":{"rendered":"<div data-elementor-type=\"wp-page\" data-elementor-id=\"103\" class=\"elementor elementor-103\" data-elementor-post-type=\"page\">\n\t\t\t\t<div class=\"elementor-element elementor-element-172a579 e-flex e-con-boxed e-con e-parent\" data-id=\"172a579\" data-element_type=\"container\" data-e-type=\"container\">\n\t\t\t\t\t<div class=\"e-con-inner\">\n\t\t\t\t<div class=\"elementor-element elementor-element-69036f0 elementor-widget elementor-widget-heading\" data-id=\"69036f0\" data-element_type=\"widget\" data-e-type=\"widget\" data-widget_type=\"heading.default\">\n\t\t\t\t\t<h2 class=\"elementor-heading-title elementor-size-default\">Want to get away but haven't decided where to go yet?<\/h2>\t\t\t\t<\/div>\n\t\t\t\t\t<\/div>\n\t\t\t\t<\/div>\n\t\t<div class=\"elementor-element elementor-element-90c4ccb e-flex e-con-boxed e-con e-parent\" data-id=\"90c4ccb\" data-element_type=\"container\" data-e-type=\"container\">\n\t\t\t\t\t<div class=\"e-con-inner\">\n\t\t\t\t<div class=\"elementor-element elementor-element-02fd6c7 elementor-widget elementor-widget-text-editor\" data-id=\"02fd6c7\" data-element_type=\"widget\" data-e-type=\"widget\" data-widget_type=\"text-editor.default\">\n\t\t\t\t\t\t\t\t\t<p>Let our map guide you: each pin is a gem that we have unearthed just for you.<br data-start=\"280\" data-end=\"283\" \/>Explore, click, and let the magic happen: <b>Your next stay starts here.<\/b><\/p>\t\t\t\t\t\t\t\t<\/div>\n\t\t\t\t<div class=\"elementor-element elementor-element-96c400c elementor-widget elementor-widget-text-editor\" data-id=\"96c400c\" data-element_type=\"widget\" data-e-type=\"widget\" data-widget_type=\"text-editor.default\">\n\t\t\t\t\t\t\t\t\t<p>\r\n            <style>.wpgmza_table_address { display: none; }<\/style>\r\n            \r\n            \r\n            <a name='map3'><\/a>\r\n            \r\n            \r\n            \r\n            \r\n            <div class=\"wpgmza_map\"  id=\"wpgmza_map_3\" style=\"display:block; overflow:auto; width:100%; height:650px; float:left;\" data-settings='{\"id\":\"3\",\"map_title\":\"Carte\",\"map_width\":100,\"map_height\":\"650\",\"map_start_lat\":\"21.958678585951162\",\"map_start_lng\":\"20.734061744512857\",\"map_start_location\":\"\",\"map_start_zoom\":\"1\",\"default_marker\":\"\",\"type\":\"0\",\"alignment\":\"0\",\"directions_enabled\":\"0\",\"styling_enabled\":\"0\",\"styling_json\":\"\",\"active\":\"0\",\"kml\":\"\",\"bicycle\":\"0\",\"traffic\":\"0\",\"dbox\":\"1\",\"dbox_width\":\"100\",\"listmarkers\":\"0\",\"listmarkers_advanced\":\"0\",\"filterbycat\":\"0\",\"ugm_enabled\":\"0\",\"ugm_category_enabled\":\"0\",\"fusion\":\"\",\"map_width_type\":\"%\",\"map_height_type\":\"px\",\"mass_marker_support\":\"0\",\"ugm_access\":\"0\",\"order_markers_by\":\"1\",\"order_markers_choice\":\"1\",\"show_user_location\":\"0\",\"default_to\":\"\",\"other_settings\":{\"map_type\":1,\"sl_stroke_color\":\"#ff0000\",\"sl_fill_color\":\"#ff0000\",\"sl_stroke_opacity\":\"1\",\"sl_fill_opacity\":\"0.5\",\"transport_layer\":false,\"action\":\"wpgmza_save_map\",\"redirect_to\":\"\\\/wp-admin\\\/admin-post.php\",\"map_id\":\"3\",\"http_referer\":\"\\\/wp-admin\\\/admin.php?page=wp-google-maps-menu&amp;amp;action=edit&amp;amp;map_id=3\",\"wpgmza_id\":\"3\",\"wpgmza_start_location\":\"21.958678585951162,20.734061744512857\",\"wpgmza_start_zoom\":\"1\",\"wpgmza_dbox_width_type\":\"%\",\"default_from\":\"\",\"directions_behaviour\":\"default\",\"force_google_directions_app\":false,\"directions_route_origin_icon\":\"https:\\\/\\\/slowplaces.fr\\\/wp-content\\\/plugins\\\/wp-google-maps\\\/images\\\/spotlight-poi3.png\",\"directions_origin_retina\":false,\"directions_route_destination_icon\":\"https:\\\/\\\/slowplaces.fr\\\/wp-content\\\/plugins\\\/wp-google-maps\\\/images\\\/spotlight-poi3.png\",\"directions_destination_retina\":false,\"directions_route_stroke_color\":\"#4f8df5\",\"directions_route_stroke_weight\":\"4\",\"directions_route_stroke_opacity\":\"0.8\",\"directions_fit_bounds_to_route\":false,\"store_locator_enabled\":false,\"store_locator_search_area\":\"radial\",\"wpgmza_store_locator_radius_style\":\"legacy\",\"wpgmza_store_locator_default_radius\":\"10\",\"store_locator_auto_area_max_zoom\":\"\",\"wpgmza_store_locator_restrict\":\"\",\"store_locator_distance\":false,\"wpgmza_store_locator_position\":false,\"store_locator_show_distance\":false,\"store_locator_category\":false,\"wpgmza_store_locator_use_their_location\":false,\"wpgmza_store_locator_bounce\":false,\"upload_default_sl_marker\":\"\",\"upload_default_sl_marker_retina\":false,\"wpgmza_sl_animation\":\"0\",\"wpgmza_store_locator_hide_before_search\":false,\"store_locator_query_string\":\"\",\"store_locator_location_placeholder\":\"\",\"store_locator_default_address\":\"\",\"store_locator_name_search\":false,\"store_locator_name_string\":\"\",\"store_locator_not_found_message\":\"\",\"retina\":false,\"wpgmza_map_align\":\"1\",\"upload_default_ul_marker\":\"\",\"upload_default_ul_marker_retina\":false,\"jump_to_nearest_marker_on_initialization\":false,\"automatically_pan_to_users_location\":false,\"override_users_location_zoom_level\":false,\"override_users_location_zoom_levels\":\"\",\"show_distance_from_location\":false,\"map_max_zoom\":\"21\",\"map_min_zoom\":\"0\",\"click_open_link\":false,\"fit_maps_bounds_to_markers\":false,\"fit_maps_bounds_to_markers_after_filtering\":false,\"hide_point_of_interest\":false,\"wpgmza_zoom_on_marker_click\":false,\"wpgmza_zoom_on_marker_click_slider\":\"\",\"close_infowindow_on_map_click\":false,\"disable_lightbox_images\":false,\"use_Raw_Jpeg_Coordinates\":false,\"disable_polygon_info_windows\":false,\"enable_advanced_custom_fields_integration\":false,\"enable_advanced_custom_fields_integration_type\":\"\",\"enable_toolset_woocommerce_integration\":false,\"enable_woo_product_integration\":false,\"enable_marker_labels\":false,\"only_load_markers_within_viewport\":false,\"zoom_level_mobile_override_enabled\":false,\"zoom_level_mobile_override\":\"\",\"iw_primary_color\":\"#000000\",\"iw_accent_color\":\"#000000\",\"iw_text_color\":\"#000000\",\"wpgmza_listmarkers_by\":\"0\",\"wpgmza_marker_listing_position\":false,\"zoom_level_on_marker_listing_override\":false,\"zoom_level_on_marker_listing_click\":\"\",\"marker_listing_disable_zoom\":false,\"datatable_no_result_message\":\"\",\"remove_search_box_datables\":false,\"dataTable_pagination_style\":\"default\",\"datatable_search_string\":\"\",\"datatable_result_start\":\"\",\"datatable_result_of\":\"\",\"datatable_result_to\":\"\",\"datatable_result_total\":\"\",\"datatable_result_show\":\"\",\"datatable_result_entries\":\"\",\"wpgmza_savemap\":\"Enregistrer la carte \\u00bb\",\"shortcodeAttributes\":{\"id\":\"3\"}}}' data-map-id='3' data-shortcode-attributes='{\"id\":\"3\"}'> <\/div>\r\n            \r\n               \r\n        <\/p>\t\t\t\t\t\t\t\t<\/div>\n\t\t\t\t\t<\/div>\n\t\t\t\t<\/div>\n\t\t<div class=\"elementor-element elementor-element-3ee1ef4 e-flex e-con-boxed e-con e-parent\" data-id=\"3ee1ef4\" data-element_type=\"container\" data-e-type=\"container\">\n\t\t\t\t\t<div class=\"e-con-inner\">\n\t\t\t\t<div class=\"elementor-element elementor-element-b15de28 elementor-widget elementor-widget-image-gallery\" data-id=\"b15de28\" data-element_type=\"widget\" data-e-type=\"widget\" data-widget_type=\"image-gallery.default\">\n\t\t\t\t\t\t\t<div class=\"elementor-image-gallery\">\n\t\t\t<div id='gallery-1' class='gallery galleryid-103 gallery-columns-5 gallery-size-full'><figure class='gallery-item'>\n\t\t\t<div class='gallery-icon portrait'>\n\t\t\t\t<a data-elementor-open-lightbox=\"yes\" data-elementor-lightbox-slideshow=\"b15de28\" data-elementor-lightbox-title=\"1\" data-e-action-hash=\"#elementor-action%3Aaction%3Dlightbox%26settings%3DeyJpZCI6MTEyLCJ1cmwiOiJodHRwczpcL1wvc2xvd3BsYWNlcy5mclwvd3AtY29udGVudFwvdXBsb2Fkc1wvMjAyNVwvMDdcLzEucG5nIiwic2xpZGVzaG93IjoiYjE1ZGUyOCJ9\" href='https:\/\/slowplaces.fr\/wp-content\/uploads\/2025\/07\/1.png'><img fetchpriority=\"high\" decoding=\"async\" width=\"350\" height=\"469\" src=\"https:\/\/slowplaces.fr\/wp-content\/uploads\/2025\/07\/1.png\" class=\"attachment-full size-full\" alt=\"\" srcset=\"https:\/\/slowplaces.fr\/wp-content\/uploads\/2025\/07\/1.png 350w, https:\/\/slowplaces.fr\/wp-content\/uploads\/2025\/07\/1-224x300.png 224w, https:\/\/slowplaces.fr\/wp-content\/uploads\/2025\/07\/1-9x12.png 9w\" sizes=\"100vw\" \/><\/a>\n\t\t\t<\/div><\/figure><figure class='gallery-item'>\n\t\t\t<div class='gallery-icon portrait'>\n\t\t\t\t<a data-elementor-open-lightbox=\"yes\" data-elementor-lightbox-slideshow=\"b15de28\" data-elementor-lightbox-title=\"2\" data-e-action-hash=\"#elementor-action%3Aaction%3Dlightbox%26settings%3DeyJpZCI6MTEzLCJ1cmwiOiJodHRwczpcL1wvc2xvd3BsYWNlcy5mclwvd3AtY29udGVudFwvdXBsb2Fkc1wvMjAyNVwvMDdcLzIucG5nIiwic2xpZGVzaG93IjoiYjE1ZGUyOCJ9\" href='https:\/\/slowplaces.fr\/wp-content\/uploads\/2025\/07\/2.png'><img decoding=\"async\" width=\"350\" height=\"469\" src=\"https:\/\/slowplaces.fr\/wp-content\/uploads\/2025\/07\/2.png\" class=\"attachment-full size-full\" alt=\"\" srcset=\"https:\/\/slowplaces.fr\/wp-content\/uploads\/2025\/07\/2.png 350w, https:\/\/slowplaces.fr\/wp-content\/uploads\/2025\/07\/2-224x300.png 224w, https:\/\/slowplaces.fr\/wp-content\/uploads\/2025\/07\/2-9x12.png 9w\" sizes=\"100vw\" \/><\/a>\n\t\t\t<\/div><\/figure><figure class='gallery-item'>\n\t\t\t<div class='gallery-icon portrait'>\n\t\t\t\t<a data-elementor-open-lightbox=\"yes\" data-elementor-lightbox-slideshow=\"b15de28\" data-elementor-lightbox-title=\"5\" data-e-action-hash=\"#elementor-action%3Aaction%3Dlightbox%26settings%3DeyJpZCI6MTE2LCJ1cmwiOiJodHRwczpcL1wvc2xvd3BsYWNlcy5mclwvd3AtY29udGVudFwvdXBsb2Fkc1wvMjAyNVwvMDdcLzUucG5nIiwic2xpZGVzaG93IjoiYjE1ZGUyOCJ9\" href='https:\/\/slowplaces.fr\/wp-content\/uploads\/2025\/07\/5.png'><img decoding=\"async\" width=\"350\" height=\"469\" src=\"https:\/\/slowplaces.fr\/wp-content\/uploads\/2025\/07\/5.png\" class=\"attachment-full size-full\" alt=\"\" srcset=\"https:\/\/slowplaces.fr\/wp-content\/uploads\/2025\/07\/5.png 350w, https:\/\/slowplaces.fr\/wp-content\/uploads\/2025\/07\/5-224x300.png 224w, https:\/\/slowplaces.fr\/wp-content\/uploads\/2025\/07\/5-9x12.png 9w\" sizes=\"100vw\" \/><\/a>\n\t\t\t<\/div><\/figure><figure class='gallery-item'>\n\t\t\t<div class='gallery-icon portrait'>\n\t\t\t\t<a data-elementor-open-lightbox=\"yes\" data-elementor-lightbox-slideshow=\"b15de28\" data-elementor-lightbox-title=\"4\" data-e-action-hash=\"#elementor-action%3Aaction%3Dlightbox%26settings%3DeyJpZCI6MTE1LCJ1cmwiOiJodHRwczpcL1wvc2xvd3BsYWNlcy5mclwvd3AtY29udGVudFwvdXBsb2Fkc1wvMjAyNVwvMDdcLzQucG5nIiwic2xpZGVzaG93IjoiYjE1ZGUyOCJ9\" href='https:\/\/slowplaces.fr\/wp-content\/uploads\/2025\/07\/4.png'><img loading=\"lazy\" decoding=\"async\" width=\"350\" height=\"469\" src=\"https:\/\/slowplaces.fr\/wp-content\/uploads\/2025\/07\/4.png\" class=\"attachment-full size-full\" alt=\"\" srcset=\"https:\/\/slowplaces.fr\/wp-content\/uploads\/2025\/07\/4.png 350w, https:\/\/slowplaces.fr\/wp-content\/uploads\/2025\/07\/4-224x300.png 224w, https:\/\/slowplaces.fr\/wp-content\/uploads\/2025\/07\/4-9x12.png 9w\" sizes=\"100vw\" \/><\/a>\n\t\t\t<\/div><\/figure><figure class='gallery-item'>\n\t\t\t<div class='gallery-icon portrait'>\n\t\t\t\t<a data-elementor-open-lightbox=\"yes\" data-elementor-lightbox-slideshow=\"b15de28\" data-elementor-lightbox-title=\"3\" data-e-action-hash=\"#elementor-action%3Aaction%3Dlightbox%26settings%3DeyJpZCI6MTE0LCJ1cmwiOiJodHRwczpcL1wvc2xvd3BsYWNlcy5mclwvd3AtY29udGVudFwvdXBsb2Fkc1wvMjAyNVwvMDdcLzMtMS5wbmciLCJzbGlkZXNob3ciOiJiMTVkZTI4In0%3D\" href='https:\/\/slowplaces.fr\/wp-content\/uploads\/2025\/07\/3-1.png'><img loading=\"lazy\" decoding=\"async\" width=\"350\" height=\"469\" src=\"https:\/\/slowplaces.fr\/wp-content\/uploads\/2025\/07\/3-1.png\" class=\"attachment-full size-full\" alt=\"\" srcset=\"https:\/\/slowplaces.fr\/wp-content\/uploads\/2025\/07\/3-1.png 350w, https:\/\/slowplaces.fr\/wp-content\/uploads\/2025\/07\/3-1-224x300.png 224w, https:\/\/slowplaces.fr\/wp-content\/uploads\/2025\/07\/3-1-9x12.png 9w\" sizes=\"100vw\" \/><\/a>\n\t\t\t<\/div><\/figure>\n\t\t<\/div>\n\t\t<\/div>\n\t\t\t\t\t\t<\/div>\n\t\t\t\t\t<\/div>\n\t\t\t\t<\/div>\n\t\t\t\t<\/div>","protected":false},"excerpt":{"rendered":"<p>Envie d\u2019\u00e9vasion mais pas encore d\u00e9cid\u00e9 o\u00f9 poser vos valises ? Laissez-vous guider par notre carte : chaque \u00e9pingle est une p\u00e9pite que nous avons d\u00e9nich\u00e9e rien que pour vous.Explorez, cliquez, et laissez la magie op\u00e9rer : votre prochain s\u00e9jour commence ici.<\/p>","protected":false},"author":2,"featured_media":0,"parent":0,"menu_order":0,"comment_status":"closed","ping_status":"closed","template":"","meta":{"_acf_changed":false,"inspiro_hide_title":false,"footnotes":""},"class_list":["post-103","page","type-page","status-publish","hentry"],"acf":[],"yoast_head":"<!-- This site is optimized with the Yoast SEO plugin v27.3 - https:\/\/yoast.com\/product\/yoast-seo-wordpress\/ -->\n<title>Slowplaces \u2013 S\u00e9lection sur mesure d&#039;adresses \u00e9co-responsables<\/title>\n<meta name=\"description\" content=\"Envie d\u2019\u00e9vasion ? D\u00e9couvrez notre s\u00e9lection d\u2019adresses \u00e9co-responsables sur mesure. Explorez, cliquez, et pr\u00e9parez votre s\u00e9jour unique.\" \/>\n<meta name=\"robots\" content=\"index, follow, max-snippet:-1, max-image-preview:large, max-video-preview:-1\" \/>\n<link rel=\"canonical\" href=\"https:\/\/slowplaces.fr\/en\/a-la-carte\/\" \/>\n<meta property=\"og:locale\" content=\"en_GB\" \/>\n<meta property=\"og:type\" content=\"article\" \/>\n<meta property=\"og:title\" content=\"Slowplaces \u2013 S\u00e9lection sur mesure d&#039;adresses \u00e9co-responsables\" \/>\n<meta property=\"og:description\" content=\"Envie d\u2019\u00e9vasion ? D\u00e9couvrez notre s\u00e9lection d\u2019adresses \u00e9co-responsables sur mesure. Explorez, cliquez, et pr\u00e9parez votre s\u00e9jour unique.\" \/>\n<meta property=\"og:url\" content=\"https:\/\/slowplaces.fr\/en\/a-la-carte\/\" \/>\n<meta property=\"og:site_name\" content=\"Slowplaces\" \/>\n<meta property=\"article:modified_time\" content=\"2025-08-05T13:23:29+00:00\" \/>\n<meta property=\"og:image\" content=\"https:\/\/slowplaces.fr\/wp-content\/uploads\/2025\/07\/1.png\" \/>\n<meta name=\"twitter:card\" content=\"summary_large_image\" \/>\n<meta name=\"twitter:label1\" content=\"Estimated reading time\" \/>\n\t<meta name=\"twitter:data1\" content=\"3 minutes\" \/>\n<script type=\"application\/ld+json\" class=\"yoast-schema-graph\">{\"@context\":\"https:\\\/\\\/schema.org\",\"@graph\":[{\"@type\":\"WebPage\",\"@id\":\"https:\\\/\\\/slowplaces.fr\\\/a-la-carte\\\/\",\"url\":\"https:\\\/\\\/slowplaces.fr\\\/a-la-carte\\\/\",\"name\":\"Slowplaces \u2013 S\u00e9lection sur mesure d'adresses \u00e9co-responsables\",\"isPartOf\":{\"@id\":\"https:\\\/\\\/slowplaces.fr\\\/#website\"},\"primaryImageOfPage\":{\"@id\":\"https:\\\/\\\/slowplaces.fr\\\/a-la-carte\\\/#primaryimage\"},\"image\":{\"@id\":\"https:\\\/\\\/slowplaces.fr\\\/a-la-carte\\\/#primaryimage\"},\"thumbnailUrl\":\"https:\\\/\\\/slowplaces.fr\\\/wp-content\\\/uploads\\\/2025\\\/07\\\/1.png\",\"datePublished\":\"2025-07-09T11:28:33+00:00\",\"dateModified\":\"2025-08-05T13:23:29+00:00\",\"description\":\"Envie d\u2019\u00e9vasion ? D\u00e9couvrez notre s\u00e9lection d\u2019adresses \u00e9co-responsables sur mesure. Explorez, cliquez, et pr\u00e9parez votre s\u00e9jour unique.\",\"breadcrumb\":{\"@id\":\"https:\\\/\\\/slowplaces.fr\\\/a-la-carte\\\/#breadcrumb\"},\"inLanguage\":\"en-GB\",\"potentialAction\":[{\"@type\":\"ReadAction\",\"target\":[\"https:\\\/\\\/slowplaces.fr\\\/a-la-carte\\\/\"]}]},{\"@type\":\"ImageObject\",\"inLanguage\":\"en-GB\",\"@id\":\"https:\\\/\\\/slowplaces.fr\\\/a-la-carte\\\/#primaryimage\",\"url\":\"https:\\\/\\\/slowplaces.fr\\\/wp-content\\\/uploads\\\/2025\\\/07\\\/1.png\",\"contentUrl\":\"https:\\\/\\\/slowplaces.fr\\\/wp-content\\\/uploads\\\/2025\\\/07\\\/1.png\"},{\"@type\":\"BreadcrumbList\",\"@id\":\"https:\\\/\\\/slowplaces.fr\\\/a-la-carte\\\/#breadcrumb\",\"itemListElement\":[{\"@type\":\"ListItem\",\"position\":1,\"name\":\"Accueil\",\"item\":\"https:\\\/\\\/slowplaces.fr\\\/\"},{\"@type\":\"ListItem\",\"position\":2,\"name\":\"\u00c0 la carte\"}]},{\"@type\":\"WebSite\",\"@id\":\"https:\\\/\\\/slowplaces.fr\\\/#website\",\"url\":\"https:\\\/\\\/slowplaces.fr\\\/\",\"name\":\"Slowplaces\",\"description\":\"LIEUX D\u2019EXCEPTION POUR DES VOYAGEURS EXIGEANTS ET RESPONSABLES\",\"publisher\":{\"@id\":\"https:\\\/\\\/slowplaces.fr\\\/#organization\"},\"potentialAction\":[{\"@type\":\"SearchAction\",\"target\":{\"@type\":\"EntryPoint\",\"urlTemplate\":\"https:\\\/\\\/slowplaces.fr\\\/?s={search_term_string}\"},\"query-input\":{\"@type\":\"PropertyValueSpecification\",\"valueRequired\":true,\"valueName\":\"search_term_string\"}}],\"inLanguage\":\"en-GB\"},{\"@type\":\"Organization\",\"@id\":\"https:\\\/\\\/slowplaces.fr\\\/#organization\",\"name\":\"Slowplaces\",\"url\":\"https:\\\/\\\/slowplaces.fr\\\/\",\"logo\":{\"@type\":\"ImageObject\",\"inLanguage\":\"en-GB\",\"@id\":\"https:\\\/\\\/slowplaces.fr\\\/#\\\/schema\\\/logo\\\/image\\\/\",\"url\":\"https:\\\/\\\/slowplaces.fr\\\/wp-content\\\/uploads\\\/2025\\\/07\\\/cropped-logo-slowplaces-3.png\",\"contentUrl\":\"https:\\\/\\\/slowplaces.fr\\\/wp-content\\\/uploads\\\/2025\\\/07\\\/cropped-logo-slowplaces-3.png\",\"width\":1080,\"height\":1080,\"caption\":\"Slowplaces\"},\"image\":{\"@id\":\"https:\\\/\\\/slowplaces.fr\\\/#\\\/schema\\\/logo\\\/image\\\/\"}}]}<\/script>\n<!-- \/ Yoast SEO plugin. -->","yoast_head_json":{"title":"Slowplaces \u2013 S\u00e9lection sur mesure d'adresses \u00e9co-responsables","description":"Envie d\u2019\u00e9vasion ? D\u00e9couvrez notre s\u00e9lection d\u2019adresses \u00e9co-responsables sur mesure. Explorez, cliquez, et pr\u00e9parez votre s\u00e9jour unique.","robots":{"index":"index","follow":"follow","max-snippet":"max-snippet:-1","max-image-preview":"max-image-preview:large","max-video-preview":"max-video-preview:-1"},"canonical":"https:\/\/slowplaces.fr\/en\/a-la-carte\/","og_locale":"en_GB","og_type":"article","og_title":"Slowplaces \u2013 S\u00e9lection sur mesure d'adresses \u00e9co-responsables","og_description":"Envie d\u2019\u00e9vasion ? D\u00e9couvrez notre s\u00e9lection d\u2019adresses \u00e9co-responsables sur mesure. Explorez, cliquez, et pr\u00e9parez votre s\u00e9jour unique.","og_url":"https:\/\/slowplaces.fr\/en\/a-la-carte\/","og_site_name":"Slowplaces","article_modified_time":"2025-08-05T13:23:29+00:00","og_image":[{"url":"https:\/\/slowplaces.fr\/wp-content\/uploads\/2025\/07\/1.png","type":"","width":"","height":""}],"twitter_card":"summary_large_image","twitter_misc":{"Estimated reading time":"3 minutes"},"schema":{"@context":"https:\/\/schema.org","@graph":[{"@type":"WebPage","@id":"https:\/\/slowplaces.fr\/a-la-carte\/","url":"https:\/\/slowplaces.fr\/a-la-carte\/","name":"Slowplaces \u2013 S\u00e9lection sur mesure d'adresses \u00e9co-responsables","isPartOf":{"@id":"https:\/\/slowplaces.fr\/#website"},"primaryImageOfPage":{"@id":"https:\/\/slowplaces.fr\/a-la-carte\/#primaryimage"},"image":{"@id":"https:\/\/slowplaces.fr\/a-la-carte\/#primaryimage"},"thumbnailUrl":"https:\/\/slowplaces.fr\/wp-content\/uploads\/2025\/07\/1.png","datePublished":"2025-07-09T11:28:33+00:00","dateModified":"2025-08-05T13:23:29+00:00","description":"Envie d\u2019\u00e9vasion ? D\u00e9couvrez notre s\u00e9lection d\u2019adresses \u00e9co-responsables sur mesure. Explorez, cliquez, et pr\u00e9parez votre s\u00e9jour unique.","breadcrumb":{"@id":"https:\/\/slowplaces.fr\/a-la-carte\/#breadcrumb"},"inLanguage":"en-GB","potentialAction":[{"@type":"ReadAction","target":["https:\/\/slowplaces.fr\/a-la-carte\/"]}]},{"@type":"ImageObject","inLanguage":"en-GB","@id":"https:\/\/slowplaces.fr\/a-la-carte\/#primaryimage","url":"https:\/\/slowplaces.fr\/wp-content\/uploads\/2025\/07\/1.png","contentUrl":"https:\/\/slowplaces.fr\/wp-content\/uploads\/2025\/07\/1.png"},{"@type":"BreadcrumbList","@id":"https:\/\/slowplaces.fr\/a-la-carte\/#breadcrumb","itemListElement":[{"@type":"ListItem","position":1,"name":"Accueil","item":"https:\/\/slowplaces.fr\/"},{"@type":"ListItem","position":2,"name":"\u00c0 la carte"}]},{"@type":"WebSite","@id":"https:\/\/slowplaces.fr\/#website","url":"https:\/\/slowplaces.fr\/","name":"Slowplaces","description":"EXCEPTIONAL PLACES FOR DISCERNING AND RESPONSIBLE TRAVELLERS","publisher":{"@id":"https:\/\/slowplaces.fr\/#organization"},"potentialAction":[{"@type":"SearchAction","target":{"@type":"EntryPoint","urlTemplate":"https:\/\/slowplaces.fr\/?s={search_term_string}"},"query-input":{"@type":"PropertyValueSpecification","valueRequired":true,"valueName":"search_term_string"}}],"inLanguage":"en-GB"},{"@type":"Organization","@id":"https:\/\/slowplaces.fr\/#organization","name":"Slowplaces","url":"https:\/\/slowplaces.fr\/","logo":{"@type":"ImageObject","inLanguage":"en-GB","@id":"https:\/\/slowplaces.fr\/#\/schema\/logo\/image\/","url":"https:\/\/slowplaces.fr\/wp-content\/uploads\/2025\/07\/cropped-logo-slowplaces-3.png","contentUrl":"https:\/\/slowplaces.fr\/wp-content\/uploads\/2025\/07\/cropped-logo-slowplaces-3.png","width":1080,"height":1080,"caption":"Slowplaces"},"image":{"@id":"https:\/\/slowplaces.fr\/#\/schema\/logo\/image\/"}}]}},"_links":{"self":[{"href":"https:\/\/slowplaces.fr\/en\/wp-json\/wp\/v2\/pages\/103","targetHints":{"allow":["GET"]}}],"collection":[{"href":"https:\/\/slowplaces.fr\/en\/wp-json\/wp\/v2\/pages"}],"about":[{"href":"https:\/\/slowplaces.fr\/en\/wp-json\/wp\/v2\/types\/page"}],"author":[{"embeddable":true,"href":"https:\/\/slowplaces.fr\/en\/wp-json\/wp\/v2\/users\/2"}],"replies":[{"embeddable":true,"href":"https:\/\/slowplaces.fr\/en\/wp-json\/wp\/v2\/comments?post=103"}],"version-history":[{"count":0,"href":"https:\/\/slowplaces.fr\/en\/wp-json\/wp\/v2\/pages\/103\/revisions"}],"wp:attachment":[{"href":"https:\/\/slowplaces.fr\/en\/wp-json\/wp\/v2\/media?parent=103"}],"curies":[{"name":"wp","href":"https:\/\/api.w.org\/{rel}","templated":true}]}}